{"id":184,"date":"2018-07-10T15:50:03","date_gmt":"2018-07-10T13:50:03","guid":{"rendered":"http:\/\/www.inter-grund.de\/de\/?page_id=184"},"modified":"2026-03-13T03:18:44","modified_gmt":"2026-03-13T02:18:44","slug":"datenschutzerklaerung","status":"publish","type":"page","link":"https:\/\/www.inter-grund.de\/de\/datenschutzerklaerung\/","title":{"rendered":"Datenschutzerkl\u00e4rung"},"content":{"rendered":"<h1>DATENSCHUTZERKL\u00c4RUNG NACH EU-DSGVO<\/h1>\n<p><strong>Wir nehmen Datenschutz ernst<\/strong><\/p>\n<p>Der Schutz Ihrer Privatsph\u00e4re bei der Verarbeitung pers\u00f6nlicher Daten ist f\u00fcr uns ein wichtiges Anliegen. Wenn Sie unsere Webseite besuchen, speichern unsere Webserver standardm\u00e4\u00dfig die IP Ihres Internet Service Provider, die Webseite, von der aus Sie uns besuchen, die Webseiten, die Sie bei uns besuchen sowie das Datum und die Dauer des Besuches. Diese Informationen sind f\u00fcr die technische \u00dcbertragung der Webseiten und den sicheren Serverbetrieb zwingend erforderlich. Eine personalisierte Auswertung dieser Daten erfolgt nicht.<\/p>\n<p>Sofern Sie uns Daten per Kontakt-Formular senden, werden diese Daten im Zuge der Datensicherung auf unseren Servern gespeichert. Ihre Daten werden von uns ausschlie\u00dflich zur Bearbeitung Ihres Anliegens verwendet. Ihre Daten werden streng vertraulich behandelt. Eine Weitergabe an Dritte erfolgt nicht.<\/p>\n<p><strong>Inhaltliche Verantwortung:<\/strong><\/p>\n<p>Vertretungsberechtigter Gesellschafter** (Komplement\u00e4r): Helge Groth<\/p>\n<p>Registergericht: Amtsgericht Regensburg<\/p>\n<p>Registernummer: HRA Nr. 2074<\/p>\n<p>St. Nr. 244\/167\/57905<\/p>\n<p>FA Regensburg<\/p>\n<p>inter-grund German Asanger KG<\/p>\n<p>Vermittlung und Verwaltung von Immobilien<\/p>\n<p>Bahnhofstr.17<\/p>\n<p>93047 Regensburg<\/p>\n<p>Tel.: (09 41) \u2013 5 85 09 \u2013 0<\/p>\n<p>Fax.: (09 41) \u2013 5 85 09 \u2013 15<\/p>\n<p>Internet: www.inter-grund.de<\/p>\n<p>E-Mail: n.lindemann@inter-grund.de<\/p>\n<p><strong>Personenbezogene Daten<\/strong><\/p>\n<p>Personenbezogene Daten sind Daten \u00fcber Ihre Person. Diese beinhalten Ihren Namen, Ihre Adresse und Ihre Email Adresse. Sie m\u00fcssen auch keine personenbezogenen Daten preisgeben um unsere Internetseite besuchen zu k\u00f6nnen. In einigen F\u00e4llen ben\u00f6tigen wir Ihren Namen und Adresse sowie weitere Informationen um Ihnen die gew\u00fcnschte Dienstleistung anbieten zu k\u00f6nnen.<\/p>\n<p>Das Gleiche gilt f\u00fcr den Fall, dass wir Sie auf Wunsch mit Informationsmaterial beliefern bzw. wenn wir Ihre Anfragen beantworten. In diesen F\u00e4llen werden wir Sie immer darauf hinweisen. Au\u00dferdem speichern wir nur die Daten, die Sie uns automatisch oder freiwillig \u00fcbermittelt haben.<\/p>\n<p>Wenn Sie einen unserer Services nutzen, sammeln wir in der Regel nur die Daten die notwendig sind um Ihnen unseren Service bieten zu k\u00f6nnen. M\u00f6glicherweise fragen wir Sie nach weiteren Informationen, die aber freiwilliger Natur sind. Wann immer wir personenbezogene Daten verarbeiten, tun wir dies um Ihnen unseren Service anbieten zu k\u00f6nnen oder um unsere kommerziellen Ziele zu verfolgen.<\/p>\n<h4><\/h4>\n<p><strong>Automatisch gespeicherte nicht personenbezogene Daten<\/strong><\/p>\n<p>Wenn Sie unsere Internetseiten besuchen, speichern wir aus administrativen und technischen Gr\u00fcnden bestimmte Informationen. Diese sind: Typ und Version des verwendeten Browsers, Datum und Uhrzeit des Zugriffs, sowie die IP Adresse.<\/p>\n<p>Diese Daten werden anonymisiert und lediglich f\u00fcr statistische Zwecke bzw. daf\u00fcr verwendet, unsere Internet- und Onlinedienste zu verbessern.<\/p>\n<p>Diese anonymisierten Daten werden \u2013 getrennt von personenbezogenen Daten \u2013 auf sicheren Systemen gespeichert und k\u00f6nnen keinen individuellen Personen zugeordnet werden. Das bedeutet, dass Ihre personenbezogenen Daten jederzeit gesch\u00fctzt bleiben.<\/p>\n<p><strong>Cookies<\/strong><\/p>\n<p>Wenn Sie unsere Internetseiten besuchen speichern wir m\u00f6glicherweise Informationen auf Ihrem Computer in Form von Cookies. Cookies sind kleine Dateien die von einem Internetserver an Ihren Browser \u00fcbertragen und auf dessen Festplatte gespeichert werden. Die Rechtsgrundlage f\u00fcr die Verwendung von Cookies stellt dabei Art. 6 Abs. 1 lit f DSGVO dar.<\/p>\n<p>Lediglich die Internet Protokoll Adresse wird hierbei gespeichert \u2013 keine sonstigen personenbezogenen Daten. Diese Information die in den Cookies gespeichert wird erlaubt es, Sie bei dem n\u00e4chsten Besuch auf unserer Internetseite automatisch wiederzuerkennen, wodurch Ihnen die Nutzung erleichtert wird.<\/p>\n<p>Nat\u00fcrlich k\u00f6nnen Sie unsere Internetseiten auch besuchen ohne Cookies zu akzeptieren. Wenn Sie nicht m\u00f6chten, dass Ihr Computer beim n\u00e4chsten Besuch wiedererkannt wird k\u00f6nnen Sie die Verwendung von Cookies auch ablehnen indem Sie die Einstellungen in Ihrem Browser auf \u201eCookies ablehnen\u201c \u00e4ndern. Die jeweilige Vorgehensweise finden Sie in der Bedienungsanleitung Ihres jeweiligen Browsers. Wenn Sie die Verwendung von Cookies ablehnen, kann es jedoch zu Einschr\u00e4nkungen in der Nutzung mancher Bereiche unserer Internetseiten kommen.<\/p>\n<p><strong>Online-Stellenbewerbung<\/strong><\/p>\n<p>Ihre an uns \u00fcbermittelten Bewerbungsdaten werden zum Zwecke der Abwicklung des Bewerbungsverfahrens elektronisch von uns erhoben und verarbeitet. Hierbei handelt es sich insbesondere um folgende personenbezogene Daten: &lt;&#8230;&#8230;&#8230;&#8230;&#8230;&gt;Folgt auf Ihre Bewerbung der Abschluss eines Anstellungsvertrages, so k\u00f6nnen Ihre \u00fcbermittelten Daten zum Zwecke des \u00fcblichen Organisations- und Verwaltungsprozesses unter Beachtung der einschl\u00e4gigen rechtlichen Vorschriften von uns in Ihrer Personalakte gespeichert werden.<\/p>\n<p>Die L\u00f6schung der von Ihnen \u00fcbermittelten Daten erfolgt bei Zur\u00fcckweisung Ihrer Stellenbewerbung automatisch zwei Monate nach Bekanntgabe der Zur\u00fcckweisung. Dies gilt nicht, wenn aufgrund gesetzlicher Erfordernisse (beispielsweise der Beweispflicht nach dem Allgemeinen Gleichbehandlungsgesetz) eine l\u00e4ngere Speicherung notwendig ist oder wenn Sie einer l\u00e4ngeren Speicherung in unserer Interessenten-Datenbank ausdr\u00fccklich zugestimmt haben.<\/p>\n<h4><\/h4>\n<p><strong>Sicherheit<\/strong><\/p>\n<p align=\"JUSTIFY\">Wir haben technische und administrative Sicherheitsvorkehrungen getroffen um Ihre personenbezogenen Daten gegen Verlust, Zerst\u00f6rung, Manipulation und unautorisierten Zugriff zu sch\u00fctzen. All unsere Mitarbeiter sowie f\u00fcr uns t\u00e4tige Dienstleister sind auf die g\u00fcltigen Datenschutzgesetze verpflichtet.<\/p>\n<p align=\"JUSTIFY\">Wann immer wir personenbezogene Daten sammeln und verarbeiten werden diese verschl\u00fcsselt bevor sie \u00fcbertragen werden. Das hei\u00dft, dass Ihre Daten nicht von Dritten missbraucht werden k\u00f6nnen. Unsere Sicherheitsvorkehrungen unterliegen dabei einem st\u00e4ndigen Verbesserungsprozess und unsere Datenschutzerkl\u00e4rungen werden st\u00e4ndig \u00fcberarbeitet. Bitte stellen Sie sicher, dass Ihnen die aktuellste Version vorliegt.<\/p>\n<p><strong>Betroffenenrechte<\/strong><\/p>\n<p align=\"JUSTIFY\">Bitte kontaktieren Sie uns jederzeit, wenn Sie sich informieren m\u00f6chten welche personenbezogenen Daten wir \u00fcber Sie speichern bzw. wenn Sie diese berichtigen oder l\u00f6schen lassen wollen. Desweiteren haben Sie das Recht auf Einschr\u00e4nkung der Verarbeitung (Art. 18 DSGVO), ein Widerspruchsrechts gegen die Verarbeitung (Art. 21 DSGVO) sowie das Recht auf Daten\u00fcbertragbarkeit (Art. 20 DSGVO).<\/p>\n<p align=\"JUSTIFY\">In diesen F\u00e4llen wenden Sie sich bitte direkt an uns.<\/p>\n<p><strong>\u00c4nderungen dieser Datenschutzerkl\u00e4rung<\/strong><\/p>\n<p>Wir behalten uns das Recht vor, unsere Datenschutzerkl\u00e4rungen zu \u00e4ndern falls die aufgrund neuer Technologien notwendig sein sollte. Bitte stellen Sie sicher, dass Ihnen die aktuellste Version vorliegt. Werden an dieser Datenschutzerkl\u00e4rung grundlegende \u00c4nderungen vorgenommen, geben wir diese auf unserer Website bekannt.<\/p>\n<p>Alle Interessenten und Besucher unserer Internetseite erreichen uns in Datenschutzfragen unter:<\/p>\n<p>inter-grund German Asanger KG<\/p>\n<p>Datenschutzbeauftragter: NN<\/p>\n<p>Bahnhofstr.17<\/p>\n<p>93047 Regensburg<\/p>\n<p>Tel.: (09 41) \u2013 5 85 09 \u2013 0<\/p>\n<p>Fax.: (09 41) \u2013 5 85 09 \u2013 15<\/p>\n<p>Internet: www.inter-grund.de<\/p>\n<p>E-Mail: info@inter-grund.de<\/p>\n<p>Sollte unser Datenschutzbeauftragter Ihr Anliegen nicht zu Ihrer Zufriedenheit beantworten k\u00f6nnen, bleibt Ihnen in jedem Falle ihr Recht auf Beschwerde bei der f\u00fcr Ihr Bundesland zust\u00e4ndigen Datenschutz-Aufsichtsbeh\u00f6rde.<\/p>\n","protected":false},"excerpt":{"rendered":"<p>DATENSCHUTZERKL\u00c4RUNG NACH EU-DSGVO Wir nehmen Datenschutz ernst Der Schutz Ihrer Privatsph\u00e4re bei der Verarbeitung pers\u00f6nlicher Daten ist f\u00fcr uns ein wichtiges Anliegen. Wenn Sie unsere Webseite besuchen, speichern unsere Webserver standardm\u00e4\u00dfig die IP Ihres Internet Service Provider, die Webseite, von &hellip; <\/p>\n","protected":false},"author":1,"featured_media":0,"parent":0,"menu_order":0,"comment_status":"closed","ping_status":"closed","template":"","meta":[],"_links":{"self":[{"href":"https:\/\/www.inter-grund.de\/de\/wp-json\/wp\/v2\/pages\/184"}],"collection":[{"href":"https:\/\/www.inter-grund.de\/de\/wp-json\/wp\/v2\/pages"}],"about":[{"href":"https:\/\/www.inter-grund.de\/de\/wp-json\/wp\/v2\/types\/page"}],"author":[{"embeddable":true,"href":"https:\/\/www.inter-grund.de\/de\/wp-json\/wp\/v2\/users\/1"}],"replies":[{"embeddable":true,"href":"https:\/\/www.inter-grund.de\/de\/wp-json\/wp\/v2\/comments?post=184"}],"version-history":[{"count":12,"href":"https:\/\/www.inter-grund.de\/de\/wp-json\/wp\/v2\/pages\/184\/revisions"}],"predecessor-version":[{"id":322,"href":"https:\/\/www.inter-grund.de\/de\/wp-json\/wp\/v2\/pages\/184\/revisions\/322"}],"wp:attachment":[{"href":"https:\/\/www.inter-grund.de\/de\/wp-json\/wp\/v2\/media?parent=184"}],"curies":[{"name":"wp","href":"https:\/\/api.w.org\/{rel}","templated":true}]}}