{"id":29,"date":"2015-07-08T09:26:19","date_gmt":"2015-07-08T07:26:19","guid":{"rendered":"http:\/\/www.inter-grund.de\/de\/?page_id=29"},"modified":"2024-07-10T14:28:40","modified_gmt":"2024-07-10T12:28:40","slug":"inter-grund","status":"publish","type":"page","link":"https:\/\/www.inter-grund.de\/de\/","title":{"rendered":"Startseite"},"content":{"rendered":"<h2><span style=\"color: #6ca21c;\"><b><a href=\"https:\/\/www.inter-grund.de\/de\/wp-content\/uploads\/2015\/07\/Assanger_Home.jpg\"><img decoding=\"async\" loading=\"lazy\" class=\"alignleft wp-image-53\" src=\"https:\/\/www.inter-grund.de\/de\/wp-content\/uploads\/2015\/07\/Assanger_Home.jpg\" alt=\"Assanger_Home\" width=\"246\" height=\"344\" srcset=\"https:\/\/www.inter-grund.de\/de\/wp-content\/uploads\/2015\/07\/Assanger_Home.jpg 300w, https:\/\/www.inter-grund.de\/de\/wp-content\/uploads\/2015\/07\/Assanger_Home-214x300.jpg 214w\" sizes=\"(max-width: 246px) 100vw, 246px\" \/><\/a><\/b><\/span><\/h2>\n<p><span style=\"color: #6ca21c;\"><b>inter-grund German Asanger KG<\/b><\/span><\/p>\n<p>Seit 1960 ist die inter-grund German Asanger KG Ihr verl\u00e4sslicher Partner im Raum Regensburg in Sachen Immobilien- und Hausverwaltung. Unterdessen verwalten wir \u00fcber 2.000\u00a0 Wohneinheiten und betreuen darunter Anlagen mit mehr als 130 Einheiten.<\/p>\n<p>Unsere langj\u00e4hrige Verwaltungserfahrung und unser Durchhalteverm\u00f6gen haben einen treuen Kundenkreis aufgebaut, der uns teilweise schon 40 Jahre vertraut.<\/p>\n<p>In Zusammenarbeit mit unserer Buchhaltung und der Gro\u00dfrechenanlage der Bank f\u00fcr Haus- und Grundbesitz in M\u00fcnchen (Hausbank M\u00fcnchen) erledigen wir die Wohngeldabrechnungen zuverl\u00e4ssig und schnell. Die Abrechnung erfolgt nach klaren und \u00fcbersichtlichen Richtlinien getreu dem Wohnungseigentumsgesetz.<\/p>\n<p>F\u00fcr alle Rechtsfragen steht der Eigent\u00fcmergemeinschaft ein Fachanwalt zur Verf\u00fcgung. In bautechnischen Belangen arbeiten wir mit soliden und bew\u00e4hrten Handwerksfirmen und Ingenieuren zusammen.<\/p>\n<p>Lassen Sie sich von unseren Mitarbeitern beraten. Wir freuen uns auf Ihren Anruf!<\/p>\n<p><a href=\"http:\/\/www.bewohnerplus.de\/partner\"><img decoding=\"async\" loading=\"lazy\" class=\"aligncenter size-full wp-image-302\" src=\"https:\/\/www.inter-grund.de\/de\/wp-content\/uploads\/2024\/07\/Vodafone_IW_Banner_728x90_1.jpg\" alt=\"\" width=\"728\" height=\"90\" srcset=\"https:\/\/www.inter-grund.de\/de\/wp-content\/uploads\/2024\/07\/Vodafone_IW_Banner_728x90_1.jpg 728w, https:\/\/www.inter-grund.de\/de\/wp-content\/uploads\/2024\/07\/Vodafone_IW_Banner_728x90_1-300x37.jpg 300w\" sizes=\"(max-width: 728px) 100vw, 728px\" \/><\/a><\/p>\n","protected":false},"excerpt":{"rendered":"<p>inter-grund German Asanger KG Seit 1960 ist die inter-grund German Asanger KG Ihr verl\u00e4sslicher Partner im Raum Regensburg in Sachen Immobilien- und Hausverwaltung. Unterdessen verwalten wir \u00fcber 2.000\u00a0 Wohneinheiten und betreuen darunter Anlagen mit mehr als 130 Einheiten. Unsere langj\u00e4hrige &hellip; <\/p>\n","protected":false},"author":1,"featured_media":0,"parent":0,"menu_order":0,"comment_status":"open","ping_status":"open","template":"","meta":[],"_links":{"self":[{"href":"https:\/\/www.inter-grund.de\/de\/wp-json\/wp\/v2\/pages\/29"}],"collection":[{"href":"https:\/\/www.inter-grund.de\/de\/wp-json\/wp\/v2\/pages"}],"about":[{"href":"https:\/\/www.inter-grund.de\/de\/wp-json\/wp\/v2\/types\/page"}],"author":[{"embeddable":true,"href":"https:\/\/www.inter-grund.de\/de\/wp-json\/wp\/v2\/users\/1"}],"replies":[{"embeddable":true,"href":"https:\/\/www.inter-grund.de\/de\/wp-json\/wp\/v2\/comments?post=29"}],"version-history":[{"count":28,"href":"https:\/\/www.inter-grund.de\/de\/wp-json\/wp\/v2\/pages\/29\/revisions"}],"predecessor-version":[{"id":304,"href":"https:\/\/www.inter-grund.de\/de\/wp-json\/wp\/v2\/pages\/29\/revisions\/304"}],"wp:attachment":[{"href":"https:\/\/www.inter-grund.de\/de\/wp-json\/wp\/v2\/media?parent=29"}],"curies":[{"name":"wp","href":"https:\/\/api.w.org\/{rel}","templated":true}]}}