{"id":37,"date":"2015-07-08T09:32:23","date_gmt":"2015-07-08T07:32:23","guid":{"rendered":"http:\/\/www.inter-grund.de\/de\/?page_id=37"},"modified":"2024-03-22T09:59:58","modified_gmt":"2024-03-22T08:59:58","slug":"kauf-miete","status":"publish","type":"page","link":"https:\/\/www.inter-grund.de\/de\/kauf-miete\/","title":{"rendered":"Kundenservice"},"content":{"rendered":"<p><\/p>\n<p class=\"has-text-align-center has-medium-font-size\"><strong><mark style=\"background-color:rgba(0, 0, 0, 0);color:#aad100\" class=\"has-inline-color\">Das inter-grund Online-Portal:<\/mark><\/strong><\/p>\n<p><\/p>\n<p><\/p>\n<p class=\"has-text-align-center\">Unser neues Online-Portal ist bereits online! Dieses betreiben wir in Zusammenarbeit mit der Hausbank M\u00fcnchen. Die Daten der ersten Eigent\u00fcmergemeinschaften sind bereits eingepflegt und freigeschaltet. Wir werden sukzessive die Daten aller Eigent\u00fcmergemeinschaften dort einpflegen. <\/p>\n<p><\/p>\n<p><\/p>\n<figure class=\"wp-block-image aligncenter size-full\"><a href=\"https:\/\/kundenportal.hausbank.de\/auth\/realms\/inter-grund\/protocol\/openid-connect\/auth?client_id=webapp-portal&amp;redirect_uri=https%3A%2F%2Fkundenportal.hausbank.de%2Finter-grund%2Fdashboard&amp;state=fb43d893-a195-47f7-97dc-20260cd4be16&amp;response_mode=fragment&amp;response_type=code&amp;scope=openid&amp;nonce=19e2c473-60ef-44cf-85b8-56f3db152f14\"><img decoding=\"async\" loading=\"lazy\" width=\"735\" height=\"120\" src=\"https:\/\/www.inter-grund.de\/de\/wp-content\/uploads\/2024\/03\/portal.jpg\" alt=\"\" class=\"wp-image-292\" srcset=\"https:\/\/www.inter-grund.de\/de\/wp-content\/uploads\/2024\/03\/portal.jpg 735w, https:\/\/www.inter-grund.de\/de\/wp-content\/uploads\/2024\/03\/portal-300x49.jpg 300w\" sizes=\"(max-width: 735px) 100vw, 735px\" \/><\/a><\/figure>\n<p><\/p>\n<p><\/p>\n<p class=\"has-medium-font-size\"><strong><mark style=\"background-color:rgba(0, 0, 0, 0);color:#5ed22d\" class=\"has-inline-color\"><strong><mark style=\"background-color:rgba(0, 0, 0, 0);color:#aad100\" class=\"has-inline-color\">Wie erhalten Sie Zugriff zum Online-Portal?<\/mark><\/strong><\/mark><\/strong><\/p>\n<p><\/p>\n<p><\/p>\n<ul><\/p>\n<li>Sobald Ihre Eigent\u00fcmergemeinschaft freigeschaltet ist und sofern wir \u00fcber Ihre E-Mail-Adresse verf\u00fcgen, erhalten von uns eine E-Mail mit einer pers\u00f6nlichen Einladung zum Beitritt.<\/li>\n<p><\/p>\n<p><\/p>\n<li>Dr\u00fccken Sie auf den Button \u201cAnmeldung best\u00e4tigen\u201d und geben Sie Ihr pers\u00f6nlich gew\u00e4hltes Passwort ein<\/li>\n<p><\/p>\n<p><\/p>\n<li>Und schon k\u00f6nnen Sie alle Vorteile unserer digitalen Dienstleistung nutzen!<\/li>\n<p><\/ul>\n<p><\/p>\n<p><\/p>\n<p><\/p>\n<p><\/p>\n<p><\/p>\n<p><\/p>\n<p class=\"has-medium-font-size\"><strong><strong><mark style=\"background-color:rgba(0, 0, 0, 0);color:#5ed22d\" class=\"has-inline-color\"><strong><mark style=\"background-color:rgba(0, 0, 0, 0);color:#aad100\" class=\"has-inline-color\">Folgende Vorteile bietet Ihnen unser App-Service konkret:<\/mark><\/strong><\/mark><\/strong><\/strong><\/p>\n<p><\/p>\n<p><\/p>\n<ul><\/p>\n<li><strong>Transparenz ist uns ein Anliegen<\/strong>. Auf der App finden Sie alle wichtigen Dokumente zu Ihrer Liegenschaft. Profitieren Sie von mehr \u00dcbersicht und st\u00e4ndiger Verf\u00fcgbarkeit.&nbsp;<\/li>\n<p><\/p>\n<p><\/p>\n<li><strong>Effizienz geh\u00f6rt zu unserem Tagesgesch\u00e4ft<\/strong>. Ihre Schadensmeldungen und sonstige Anliegen werden rasch bearbeitet und Sie erhalten regelm\u00e4\u00dfig ein Status-Update.\u00a0<\/li>\n<p><\/p>\n<p><\/p>\n<li><strong>Dokumentation ist f\u00fcr uns die \u201chalbe Miete\u201d<\/strong>. Mit dem Onlien-Portal erhalten Sie alle wichtigen Informationen zu Ihrer Liegenschaft direkt am schwarzen Brett und k\u00f6nnen diese jederzeit abrufen.\u00a0<\/li>\n<p><\/p>\n<p><\/p>\n<li>Ihre <strong>Mobilit\u00e4t und Zeitersparnis<\/strong> stehen im Fokus. Informieren Sie sich zu jeder Zeit und an jedem Ort rund um Ihre Immobilie auf dem inter-grund Portal!<\/li>\n<p><\/ul>\n<p><\/p>\n<p><\/p>\n<p class=\"has-text-align-center\">\n<p><\/p>\n<p><\/p>\n<p>In Zusammenarbeit mit der <a href=\"https:\/\/www.hausbank.de\/startseite.html\" data-type=\"URL\" data-id=\"https:\/\/www.hausbank.de\/startseite.html\" target=\"_blank\" rel=\"noreferrer noopener\">Hausbank M\u00fcnchen<\/a>.<\/p>\n<p><\/p>\n<p><\/p>\n<p><\/p>\n","protected":false},"excerpt":{"rendered":"<p>Das inter-grund Online-Portal: Unser neues Online-Portal ist bereits online! Dieses betreiben wir in Zusammenarbeit mit der Hausbank M\u00fcnchen. Die Daten der ersten Eigent\u00fcmergemeinschaften sind bereits eingepflegt und freigeschaltet. Wir werden sukzessive die Daten aller Eigent\u00fcmergemeinschaften dort einpflegen. Wie erhalten Sie &hellip; <\/p>\n","protected":false},"author":1,"featured_media":0,"parent":0,"menu_order":0,"comment_status":"open","ping_status":"open","template":"","meta":[],"_links":{"self":[{"href":"https:\/\/www.inter-grund.de\/de\/wp-json\/wp\/v2\/pages\/37"}],"collection":[{"href":"https:\/\/www.inter-grund.de\/de\/wp-json\/wp\/v2\/pages"}],"about":[{"href":"https:\/\/www.inter-grund.de\/de\/wp-json\/wp\/v2\/types\/page"}],"author":[{"embeddable":true,"href":"https:\/\/www.inter-grund.de\/de\/wp-json\/wp\/v2\/users\/1"}],"replies":[{"embeddable":true,"href":"https:\/\/www.inter-grund.de\/de\/wp-json\/wp\/v2\/comments?post=37"}],"version-history":[{"count":4,"href":"https:\/\/www.inter-grund.de\/de\/wp-json\/wp\/v2\/pages\/37\/revisions"}],"predecessor-version":[{"id":293,"href":"https:\/\/www.inter-grund.de\/de\/wp-json\/wp\/v2\/pages\/37\/revisions\/293"}],"wp:attachment":[{"href":"https:\/\/www.inter-grund.de\/de\/wp-json\/wp\/v2\/media?parent=37"}],"curies":[{"name":"wp","href":"https:\/\/api.w.org\/{rel}","templated":true}]}}